{"id":115,"date":"2024-06-16T19:55:12","date_gmt":"2024-06-16T19:55:12","guid":{"rendered":"https:\/\/tennistreff-bisamberg.at\/?page_id=115"},"modified":"2026-05-11T08:10:35","modified_gmt":"2026-05-11T08:10:35","slug":"tagesteller","status":"publish","type":"page","link":"https:\/\/tennistreff-brenner.at\/index.php\/tagesteller\/","title":{"rendered":"Tagesmen\u00fc mit Suppe  11,90 \u20ac"},"content":{"rendered":"\n<div class=\"wp-block-group alignfull has-global-padding is-layout-constrained wp-block-group-is-layout-constrained\">\n<p class=\"has-text-align-center has-contrast-color has-text-color has-link-color has-large-font-size wp-elements-b6463c169d931589d96060e5bb93657c\">11.05.2026-15.05.2026<\/p>\n\n\n\n<figure class=\"wp-block-table alignwide has-large-font-size\"><table><tbody><tr><td>Mo<\/td><td> Eiernockerl mit Salat<mark style=\"background-color:rgba(0, 0, 0, 0)\" class=\"has-inline-color has-contrast-2-color\"><sub>(ACGO)<\/sub><\/mark><\/td><\/tr><tr><td>Di<\/td><td>Fachierte Laibchen mit Erd\u00e4pfelp\u00fcrre <mark style=\"background-color:rgba(0, 0, 0, 0)\" class=\"has-inline-color has-contrast-2-color\"><sub><mark style=\"background-color:rgba(0, 0, 0, 0)\" class=\"has-inline-color has-contrast-2-color\"><sub><mark style=\"background-color:rgba(0, 0, 0, 0)\" class=\"has-inline-color has-contrast-2-color\"><sub><mark style=\"background-color:rgba(0, 0, 0, 0)\" class=\"has-inline-color has-contrast-2-color\"><sub>(AGP)<\/sub><\/mark><\/sub><\/mark><\/sub><\/mark><\/sub><\/mark><\/td><\/tr><tr><td>Mi<\/td><td>Geb. H\u00fchnerleber mit Mayosalat <mark style=\"background-color:rgba(0, 0, 0, 0)\" class=\"has-inline-color has-contrast-2-color\"><sub>(ACGO)<\/sub><\/mark><\/td><\/tr><tr><td>Do<\/td><td>Schnitzeltag <mark style=\"background-color:rgba(0, 0, 0, 0)\" class=\"has-inline-color has-contrast-2-color\"><sub>(ACGO)<\/sub><\/mark><\/td><\/tr><tr><td>Fr<\/td><td>Feiertag<mark style=\"background-color:rgba(0, 0, 0, 0)\" class=\"has-inline-color has-contrast-2-color\"><sub>()<\/sub><\/mark><\/td><\/tr><\/tbody><\/table><\/figure>\n<\/div>\n\n\n\n<p><\/p>\n","protected":false},"excerpt":{"rendered":"<p>11.05.2026-15.05.2026 Mo Eiernockerl mit Salat(ACGO) Di Fachierte Laibchen mit Erd\u00e4pfelp\u00fcrre (AGP) Mi Geb. H\u00fchnerleber mit Mayosalat (ACGO) Do Schnitzeltag (ACGO) Fr Feiertag()<\/p>\n","protected":false},"author":1,"featured_media":0,"parent":0,"menu_order":0,"comment_status":"closed","ping_status":"closed","template":"","meta":{"footnotes":""},"class_list":["post-115","page","type-page","status-publish","hentry"],"_links":{"self":[{"href":"https:\/\/tennistreff-brenner.at\/index.php\/wp-json\/wp\/v2\/pages\/115","targetHints":{"allow":["GET"]}}],"collection":[{"href":"https:\/\/tennistreff-brenner.at\/index.php\/wp-json\/wp\/v2\/pages"}],"about":[{"href":"https:\/\/tennistreff-brenner.at\/index.php\/wp-json\/wp\/v2\/types\/page"}],"author":[{"embeddable":true,"href":"https:\/\/tennistreff-brenner.at\/index.php\/wp-json\/wp\/v2\/users\/1"}],"replies":[{"embeddable":true,"href":"https:\/\/tennistreff-brenner.at\/index.php\/wp-json\/wp\/v2\/comments?post=115"}],"version-history":[{"count":89,"href":"https:\/\/tennistreff-brenner.at\/index.php\/wp-json\/wp\/v2\/pages\/115\/revisions"}],"predecessor-version":[{"id":454,"href":"https:\/\/tennistreff-brenner.at\/index.php\/wp-json\/wp\/v2\/pages\/115\/revisions\/454"}],"wp:attachment":[{"href":"https:\/\/tennistreff-brenner.at\/index.php\/wp-json\/wp\/v2\/media?parent=115"}],"curies":[{"name":"wp","href":"https:\/\/api.w.org\/{rel}","templated":true}]}}