{"id":2,"date":"2024-03-27T08:44:03","date_gmt":"2024-03-27T08:44:03","guid":{"rendered":"https:\/\/tennistreff-bisamberg.at\/?page_id=2"},"modified":"2024-08-09T21:14:02","modified_gmt":"2024-08-09T21:14:02","slug":"sample-page","status":"publish","type":"page","link":"https:\/\/tennistreff-brenner.at\/index.php\/sample-page\/","title":{"rendered":"Veranstaltungen"},"content":{"rendered":"\n<div class=\"wp-block-columns alignwide is-layout-flex wp-container-core-columns-is-layout-28f84493 wp-block-columns-is-layout-flex\">\n<div class=\"wp-block-column is-layout-flow wp-block-column-is-layout-flow\">\n<div class=\"wp-block-group alignwide has-global-padding is-layout-constrained wp-block-group-is-layout-constrained\">\n<div data-wp-interactive=\"core\/file\" class=\"wp-block-file\"><object data-wp-bind--hidden=\"!state.hasPdfPreview\" hidden class=\"wp-block-file__embed\" data=\"https:\/\/tennistreff-bisamberg.at\/wp-content\/uploads\/2024\/08\/Ausschreibung-Bisamberg-Open-2024-2.pdf\" type=\"application\/pdf\" style=\"width:100%;height:800px\" aria-label=\"Einbettung von Ausschreibung - Bisamberg Open 2024.\"><\/object><a id=\"wp-block-file--media-4baaf64a-e765-4ea9-973b-dc0c7c33fe01\" href=\"https:\/\/tennistreff-bisamberg.at\/wp-content\/uploads\/2024\/08\/Ausschreibung-Bisamberg-Open-2024-2.pdf\">Ausschreibung &#8211; Bisamberg Open 2024<\/a><\/div>\n<\/div>\n<\/div>\n\n\n\n<div class=\"wp-block-column is-layout-flow wp-block-column-is-layout-flow\">\n<div class=\"wp-block-group has-global-padding is-layout-constrained wp-block-group-is-layout-constrained\">\n<p><strong>Bisamberg Open 2024 presented by Head<\/strong> finden statt (26.08. &#8211; 01.09.)!<\/p>\n\n\n\n<p><mark style=\"background-color:rgba(0, 0, 0, 0);color:#3e86b2\" class=\"has-inline-color\">Dieses Jahr werden folgende Bewerbe ausgetragen:<\/mark><\/p>\n\n\n\n<p>Herren Einzel 2,00 &#8211; 4,00<br>Herren Einzel 4,00 &#8211; 7,00<br>Herren Einzel 7,00 &#8211; 10,00<br>Damen Einzel 5,50 &#8211; 7,50<br>Damen Einzel 7,50 &#8211; 10,00<br>Herren-Doppel &#8211; offen<br>Damen-Doppel &#8211; offen<br>Mixed-Doppel &#8211; gemeinsame ITN &gt; 10,00<\/p>\n\n\n\n<p>F\u00fcr den Sieger und die Siegerin des Herren-Einzel 2,0 und des Damen-Einzel 5,5 Bewerbes gibt es dieses Jahr wieder Vip-Tickets f\u00fcr die Erste Bank Open 2024 zu gewinnen. Die beiden Karten haben mittlerweile einen Wert von knapp \u20ac 1000,- . In allen anderen Bewerben gibt es f\u00fcr die SiegerInnen entweder Gutscheine vom Tennisshop Tikale oder Tageskarten f\u00fcr die Erste Bank Open!<\/p>\n\n\n\n<p>Hier der Link f\u00fcr die Anmeldung: <a href=\"https:\/\/www.noetv.at\/turniere\/230447\" target=\"_blank\" rel=\"noreferrer noopener\"><mark style=\"background-color:rgba(0, 0, 0, 0)\" class=\"has-inline-color has-contrast-2-color\">https:\/\/www.noetv.at\/turniere\/230447<\/mark><\/a><\/p>\n\n\n\n<p>Wir w\u00fcrden alle SpielerInnen die gerne teilnehmen m\u00f6chten darum bitten, sich so bald wie m\u00f6glich anzumelden um 1. andere SpielerInnen zu motivieren teilzunehmen und 2. um so fr\u00fch wie m\u00f6glich mit einer groben Planung f\u00fcr das Turnier beginnen zu k\u00f6nnen!<\/p>\n\n\n\n<p>Bitte beachtet, dass wir in der Woche w\u00e4hrend des Turniers die Spielm\u00f6glichkeiten auf den Sandpl\u00e4tzen (bei Schlechtwetter auch f\u00fcr die Hallenpl\u00e4tze) stark einschr\u00e4nken m\u00fcssen! Und zwar Mo-Fr ab 13h und Sa\/So ab 9h. Wir bitten daf\u00fcr um euer Verst\u00e4ndnis!<\/p>\n\n\n\n<h2 class=\"wp-block-heading has-text-align-center has-text-color has-link-color wp-elements-8cb13fba8368cbcb63003d252a2e318d\" style=\"color:#3e86b2\">Players-Party \ud83c\udfb6<\/h2>\n\n\n\n<p class=\"has-text-align-center has-contrast-2-color has-text-color has-link-color has-large-font-size wp-elements-595ad9b5c53350cd3b5eb89f82be431f\">\ud83d\udd25und der Grill steht in Flammen\ud83d\udd25<\/p>\n\n\n\n<p>Zum 10 j\u00e4hrigen Jubil\u00e4um des Turniers wird es dieses Jahr am Samstag (31.08.) auch eine Players-Party kombiniert mit einem Sommerfest des Vereins geben und eine Grillerei der Gastro. Genauere Infos dazu werden wir euch in den n\u00e4chsten Wochen zukommen lassen!<\/p>\n\n\n\n<p>Wir hoffen auf viele Anmeldungen und freuen uns schon jetzt auf eine hoffentlich sch\u00f6ne und spannende Turnierwoche!<\/p>\n<\/div>\n<\/div>\n<\/div>\n","protected":false},"excerpt":{"rendered":"<p>Bisamberg Open 2024 presented by Head finden statt (26.08. &#8211; 01.09.)! Dieses Jahr werden folgende Bewerbe ausgetragen: Herren Einzel 2,00 &#8211; 4,00Herren Einzel 4,00 &#8211; 7,00Herren Einzel 7,00 &#8211; 10,00Damen Einzel 5,50 &#8211; 7,50Damen Einzel 7,50 &#8211; 10,00Herren-Doppel &#8211; offenDamen-Doppel &#8211; offenMixed-Doppel &#8211; gemeinsame ITN &gt; 10,00 F\u00fcr den Sieger und die Siegerin des Herren-Einzel [&hellip;]<\/p>\n","protected":false},"author":1,"featured_media":0,"parent":0,"menu_order":1,"comment_status":"closed","ping_status":"closed","template":"","meta":{"footnotes":""},"class_list":["post-2","page","type-page","status-publish","hentry"],"_links":{"self":[{"href":"https:\/\/tennistreff-brenner.at\/index.php\/wp-json\/wp\/v2\/pages\/2","targetHints":{"allow":["GET"]}}],"collection":[{"href":"https:\/\/tennistreff-brenner.at\/index.php\/wp-json\/wp\/v2\/pages"}],"about":[{"href":"https:\/\/tennistreff-brenner.at\/index.php\/wp-json\/wp\/v2\/types\/page"}],"author":[{"embeddable":true,"href":"https:\/\/tennistreff-brenner.at\/index.php\/wp-json\/wp\/v2\/users\/1"}],"replies":[{"embeddable":true,"href":"https:\/\/tennistreff-brenner.at\/index.php\/wp-json\/wp\/v2\/comments?post=2"}],"version-history":[{"count":35,"href":"https:\/\/tennistreff-brenner.at\/index.php\/wp-json\/wp\/v2\/pages\/2\/revisions"}],"predecessor-version":[{"id":228,"href":"https:\/\/tennistreff-brenner.at\/index.php\/wp-json\/wp\/v2\/pages\/2\/revisions\/228"}],"wp:attachment":[{"href":"https:\/\/tennistreff-brenner.at\/index.php\/wp-json\/wp\/v2\/media?parent=2"}],"curies":[{"name":"wp","href":"https:\/\/api.w.org\/{rel}","templated":true}]}}